{"id":569,"date":"2026-01-12T11:21:39","date_gmt":"2026-01-12T11:21:39","guid":{"rendered":"https:\/\/dalchini.de\/about-us\/"},"modified":"2026-03-10T14:23:00","modified_gmt":"2026-03-10T14:23:00","slug":"about-us","status":"publish","type":"page","link":"https:\/\/dalchini.de\/de\/about-us\/","title":{"rendered":"\u00dcber uns"},"content":{"rendered":"<div data-elementor-type=\"wp-post\" data-elementor-id=\"569\" class=\"elementor elementor-569\">\n\t\t\t\t<div class=\"elementor-element elementor-element-1c10b04 e-con-full e-flex e-con e-parent\" data-id=\"1c10b04\" data-element_type=\"container\" data-e-type=\"container\" data-settings=\"{&quot;background_background&quot;:&quot;classic&quot;}\">\n\t\t\t\t<div class=\"elementor-element elementor-element-b3c6c3f elementor-widget elementor-widget-heading\" data-id=\"b3c6c3f\" data-element_type=\"widget\" data-e-type=\"widget\" data-widget_type=\"heading.default\">\n\t\t\t\t<div class=\"elementor-widget-container\">\n\t\t\t\t\t<h2 class=\"elementor-heading-title elementor-size-default\">Indische Tradition im Herzen von N\u00fcrnberg<\/h2>\t\t\t\t<\/div>\n\t\t\t\t<\/div>\n\t\t\t\t<div class=\"elementor-element elementor-element-28124d9 elementor-widget elementor-widget-text-editor\" data-id=\"28124d9\" data-element_type=\"widget\" data-e-type=\"widget\" data-widget_type=\"text-editor.default\">\n\t\t\t\t<div class=\"elementor-widget-container\">\n\t\t\t\t\t\t\t\t\t<p>Entdecken Sie die reichen, lebendigen Aromen Indiens direkt hier bei Dalchini. Von zischenden Tandoori-Spezialit\u00e4ten bis hin zu aromatischen Biryanis bringen unsere K\u00f6che die Essenz der indischen K\u00fcche auf Ihren Teller \u2013 mit frischen Zutaten und traditionellen Gew\u00fcrzen. Ob w\u00fcrzige Currys oder wohltuendes Naan: Jedes Gericht wird mit Sorgfalt zubereitet, um Ihnen ein intensives Geschmackserlebnis zu bieten.<\/p><p>Begleiten Sie uns auf eine kulinarische Reise durch Indien, bei der jeder Bissen eine Geschichte erz\u00e4hlt!<\/p>\t\t\t\t\t\t\t\t<\/div>\n\t\t\t\t<\/div>\n\t\t\t\t<\/div>\n\t\t<div class=\"elementor-element elementor-element-043a83e e-con-full e-flex e-con e-parent\" data-id=\"043a83e\" data-element_type=\"container\" data-e-type=\"container\" data-settings=\"{&quot;background_background&quot;:&quot;classic&quot;}\">\n\t\t\t\t<div class=\"elementor-element elementor-element-2e80984 elementor-widget elementor-widget-heading\" data-id=\"2e80984\" data-element_type=\"widget\" data-e-type=\"widget\" data-widget_type=\"heading.default\">\n\t\t\t\t<div class=\"elementor-widget-container\">\n\t\t\t\t\t<h2 class=\"elementor-heading-title elementor-size-default\">Was Dalchini besonders macht<\/h2>\t\t\t\t<\/div>\n\t\t\t\t<\/div>\n\t\t<div class=\"elementor-element elementor-element-ebcb9f8 e-grid e-con-full e-con e-child\" data-id=\"ebcb9f8\" data-element_type=\"container\" data-e-type=\"container\" data-settings=\"{&quot;background_background&quot;:&quot;classic&quot;}\">\n\t\t\t\t<div class=\"elementor-element elementor-element-9bff2cb elementor-position-top elementor-widget elementor-widget-image-box\" data-id=\"9bff2cb\" data-element_type=\"widget\" data-e-type=\"widget\" data-widget_type=\"image-box.default\">\n\t\t\t\t<div class=\"elementor-widget-container\">\n\t\t\t\t\t<div class=\"elementor-image-box-wrapper\"><figure class=\"elementor-image-box-img\"><img fetchpriority=\"high\" decoding=\"async\" width=\"498\" height=\"432\" src=\"https:\/\/i0.wp.com\/dalchini.de\/wp-content\/uploads\/2026\/01\/thali.png?fit=498%2C432&amp;ssl=1\" class=\"attachment-full size-full wp-image-1391\" alt=\"\" srcset=\"https:\/\/i0.wp.com\/dalchini.de\/wp-content\/uploads\/2026\/01\/thali.png?w=498&amp;ssl=1 498w, https:\/\/i0.wp.com\/dalchini.de\/wp-content\/uploads\/2026\/01\/thali.png?resize=300%2C260&amp;ssl=1 300w\" sizes=\"(max-width: 498px) 100vw, 498px\" \/><\/figure><div class=\"elementor-image-box-content\"><h3 class=\"elementor-image-box-title\">Authentische maharashtrische K\u00fcche<\/h3><p class=\"elementor-image-box-description\">Erleben Sie die Magie echter maharashtrischer Rezepte, direkt aus Omas Kochbuch.<\/p><\/div><\/div>\t\t\t\t<\/div>\n\t\t\t\t<\/div>\n\t\t\t\t<div class=\"elementor-element elementor-element-12f736c elementor-position-top elementor-widget elementor-widget-image-box\" data-id=\"12f736c\" data-element_type=\"widget\" data-e-type=\"widget\" data-widget_type=\"image-box.default\">\n\t\t\t\t<div class=\"elementor-widget-container\">\n\t\t\t\t\t<div class=\"elementor-image-box-wrapper\"><figure class=\"elementor-image-box-img\"><img decoding=\"async\" width=\"712\" height=\"432\" src=\"https:\/\/i0.wp.com\/dalchini.de\/wp-content\/uploads\/2026\/01\/Festive-thali.png?fit=712%2C432&amp;ssl=1\" class=\"attachment-full size-full wp-image-1390\" alt=\"\" srcset=\"https:\/\/i0.wp.com\/dalchini.de\/wp-content\/uploads\/2026\/01\/Festive-thali.png?w=712&amp;ssl=1 712w, https:\/\/i0.wp.com\/dalchini.de\/wp-content\/uploads\/2026\/01\/Festive-thali.png?resize=300%2C182&amp;ssl=1 300w, https:\/\/i0.wp.com\/dalchini.de\/wp-content\/uploads\/2026\/01\/Festive-thali.png?resize=600%2C364&amp;ssl=1 600w\" sizes=\"(max-width: 712px) 100vw, 712px\" \/><\/figure><div class=\"elementor-image-box-content\"><h3 class=\"elementor-image-box-title\">Dalchini Spezial-Thali<\/h3><p class=\"elementor-image-box-description\">Verleihen Sie Ihrem besonderen Anlass W\u00fcrze mit dem Dalchini Spezial-Thali, das authentische indische Gerichte mit einem maharashtrischen Twist vereint.<\/p><\/div><\/div>\t\t\t\t<\/div>\n\t\t\t\t<\/div>\n\t\t\t\t<div class=\"elementor-element elementor-element-864f721 elementor-position-top elementor-widget elementor-widget-image-box\" data-id=\"864f721\" data-element_type=\"widget\" data-e-type=\"widget\" data-widget_type=\"image-box.default\">\n\t\t\t\t<div class=\"elementor-widget-container\">\n\t\t\t\t\t<div class=\"elementor-image-box-wrapper\"><figure class=\"elementor-image-box-img\"><img decoding=\"async\" width=\"670\" height=\"432\" src=\"https:\/\/i0.wp.com\/dalchini.de\/wp-content\/uploads\/2026\/01\/sweets.png?fit=670%2C432&amp;ssl=1\" class=\"attachment-full size-full wp-image-1389\" alt=\"\" srcset=\"https:\/\/i0.wp.com\/dalchini.de\/wp-content\/uploads\/2026\/01\/sweets.png?w=670&amp;ssl=1 670w, https:\/\/i0.wp.com\/dalchini.de\/wp-content\/uploads\/2026\/01\/sweets.png?resize=300%2C193&amp;ssl=1 300w, https:\/\/i0.wp.com\/dalchini.de\/wp-content\/uploads\/2026\/01\/sweets.png?resize=600%2C387&amp;ssl=1 600w\" sizes=\"(max-width: 670px) 100vw, 670px\" \/><\/figure><div class=\"elementor-image-box-content\"><h3 class=\"elementor-image-box-title\">Himmlische indische S\u00fc\u00dfspeisen<\/h3><p class=\"elementor-image-box-description\">Vers\u00fc\u00dfen Sie jeden Moment mit authentischen, zart schmelzenden indischen S\u00fc\u00dfspeisen.<\/p><\/div><\/div>\t\t\t\t<\/div>\n\t\t\t\t<\/div>\n\t\t\t\t<div class=\"elementor-element elementor-element-a589586 elementor-position-top elementor-widget elementor-widget-image-box\" data-id=\"a589586\" data-element_type=\"widget\" data-e-type=\"widget\" data-widget_type=\"image-box.default\">\n\t\t\t\t<div class=\"elementor-widget-container\">\n\t\t\t\t\t<div class=\"elementor-image-box-wrapper\"><figure class=\"elementor-image-box-img\"><img loading=\"lazy\" decoding=\"async\" width=\"105\" height=\"105\" src=\"https:\/\/i0.wp.com\/dalchini.de\/wp-content\/uploads\/2026\/01\/Qualified-Chef.png?fit=105%2C105&amp;ssl=1\" class=\"attachment-full size-full wp-image-1279\" alt=\"\" srcset=\"https:\/\/i0.wp.com\/dalchini.de\/wp-content\/uploads\/2026\/01\/Qualified-Chef.png?w=105&amp;ssl=1 105w, https:\/\/i0.wp.com\/dalchini.de\/wp-content\/uploads\/2026\/01\/Qualified-Chef.png?resize=100%2C100&amp;ssl=1 100w\" sizes=\"(max-width: 105px) 100vw, 105px\" \/><\/figure><div class=\"elementor-image-box-content\"><h3 class=\"elementor-image-box-title\">Qualifizierter <br>Koch<\/h3><p class=\"elementor-image-box-description\">Unsere K\u00f6che verstehen es, jedes Gericht mit frischen Zutaten und viel Liebe kunstvoll zuzubereiten.<\/p><\/div><\/div>\t\t\t\t<\/div>\n\t\t\t\t<\/div>\n\t\t\t\t<div class=\"elementor-element elementor-element-bdc0873 elementor-position-top elementor-widget elementor-widget-image-box\" data-id=\"bdc0873\" data-element_type=\"widget\" data-e-type=\"widget\" data-widget_type=\"image-box.default\">\n\t\t\t\t<div class=\"elementor-widget-container\">\n\t\t\t\t\t<div class=\"elementor-image-box-wrapper\"><figure class=\"elementor-image-box-img\"><img loading=\"lazy\" decoding=\"async\" width=\"324\" height=\"430\" src=\"https:\/\/i0.wp.com\/dalchini.de\/wp-content\/uploads\/2026\/01\/unterior.png?fit=324%2C430&amp;ssl=1\" class=\"attachment-full size-full wp-image-1388\" alt=\"\" srcset=\"https:\/\/i0.wp.com\/dalchini.de\/wp-content\/uploads\/2026\/01\/unterior.png?w=324&amp;ssl=1 324w, https:\/\/i0.wp.com\/dalchini.de\/wp-content\/uploads\/2026\/01\/unterior.png?resize=226%2C300&amp;ssl=1 226w\" sizes=\"(max-width: 324px) 100vw, 324px\" \/><\/figure><div class=\"elementor-image-box-content\"><h3 class=\"elementor-image-box-title\">Einzigartige <br> Innenr\u00e4ume<\/h3><p class=\"elementor-image-box-description\">Entdecken Sie ein einladendes Ambiente mit liebevoll gestalteten Innenr\u00e4umen, die sofort gute Laune verbreiten.<\/p><\/div><\/div>\t\t\t\t<\/div>\n\t\t\t\t<\/div>\n\t\t\t\t<\/div>\n\t\t\t\t<\/div>\n\t\t<div class=\"elementor-element elementor-element-4a4bab9 e-grid e-con-boxed e-con e-parent\" data-id=\"4a4bab9\" data-element_type=\"container\" data-e-type=\"container\">\n\t\t\t\t\t<div class=\"e-con-inner\">\n\t\t<div class=\"elementor-element elementor-element-9fcc067 e-con-full e-flex e-con e-child\" data-id=\"9fcc067\" data-element_type=\"container\" data-e-type=\"container\">\n\t\t\t\t<div class=\"elementor-element elementor-element-2d902ab elementor-widget elementor-widget-image\" data-id=\"2d902ab\" data-element_type=\"widget\" data-e-type=\"widget\" data-widget_type=\"image.default\">\n\t\t\t\t<div class=\"elementor-widget-container\">\n\t\t\t\t\t\t\t\t\t\t\t\t\t\t\t<img loading=\"lazy\" decoding=\"async\" width=\"1024\" height=\"1024\" src=\"https:\/\/i0.wp.com\/dalchini.de\/wp-content\/uploads\/2026\/03\/Untitleddesign3.jpeg?fit=1024%2C1024&amp;ssl=1\" class=\"attachment-large size-large wp-image-3573\" alt=\"\" srcset=\"https:\/\/i0.wp.com\/dalchini.de\/wp-content\/uploads\/2026\/03\/Untitleddesign3.jpeg?w=1024&amp;ssl=1 1024w, https:\/\/i0.wp.com\/dalchini.de\/wp-content\/uploads\/2026\/03\/Untitleddesign3.jpeg?resize=300%2C300&amp;ssl=1 300w, https:\/\/i0.wp.com\/dalchini.de\/wp-content\/uploads\/2026\/03\/Untitleddesign3.jpeg?resize=150%2C150&amp;ssl=1 150w, https:\/\/i0.wp.com\/dalchini.de\/wp-content\/uploads\/2026\/03\/Untitleddesign3.jpeg?resize=768%2C768&amp;ssl=1 768w, https:\/\/i0.wp.com\/dalchini.de\/wp-content\/uploads\/2026\/03\/Untitleddesign3.jpeg?resize=12%2C12&amp;ssl=1 12w, https:\/\/i0.wp.com\/dalchini.de\/wp-content\/uploads\/2026\/03\/Untitleddesign3.jpeg?resize=600%2C600&amp;ssl=1 600w, https:\/\/i0.wp.com\/dalchini.de\/wp-content\/uploads\/2026\/03\/Untitleddesign3.jpeg?resize=100%2C100&amp;ssl=1 100w\" sizes=\"(max-width: 1024px) 100vw, 1024px\" \/>\t\t\t\t\t\t\t\t\t\t\t\t\t\t\t<\/div>\n\t\t\t\t<\/div>\n\t\t\t\t<div class=\"elementor-element elementor-element-9678e6a elementor-widget elementor-widget-heading\" data-id=\"9678e6a\" data-element_type=\"widget\" data-e-type=\"widget\" data-widget_type=\"heading.default\">\n\t\t\t\t<div class=\"elementor-widget-container\">\n\t\t\t\t\t<h2 class=\"elementor-heading-title elementor-size-default\">Unsere Geschichte\n<\/h2>\t\t\t\t<\/div>\n\t\t\t\t<\/div>\n\t\t\t\t<div class=\"elementor-element elementor-element-2f2cc9e elementor-widget elementor-widget-text-editor\" data-id=\"2f2cc9e\" data-element_type=\"widget\" data-e-type=\"widget\" data-widget_type=\"text-editor.default\">\n\t\t\t\t<div class=\"elementor-widget-container\">\n\t\t\t\t\t\t\t\t\t<p>Dalchini \u2013 The Indian Cuisine wurde aus einem einfachen Versprechen geboren: Indien so zu servieren, wie es wirklich ist.<\/p><p>Unsere Reise beginnt in Indien, wo Essen ein Erbe ist und kein Trend.<\/p><p>Wir haben dieses Erbe nach Deutschland gebracht \u2013 frisch zubereitet, tief verwurzelt und kompromisslos authentisch.<\/p>\t\t\t\t\t\t\t\t<\/div>\n\t\t\t\t<\/div>\n\t\t\t\t<\/div>\n\t\t<div class=\"elementor-element elementor-element-d0d2910 e-con-full e-flex e-con e-child\" data-id=\"d0d2910\" data-element_type=\"container\" data-e-type=\"container\">\n\t\t\t\t<div class=\"elementor-element elementor-element-3601568 elementor-widget elementor-widget-image\" data-id=\"3601568\" data-element_type=\"widget\" data-e-type=\"widget\" data-widget_type=\"image.default\">\n\t\t\t\t<div class=\"elementor-widget-container\">\n\t\t\t\t\t\t\t\t\t\t\t\t\t\t\t<img loading=\"lazy\" decoding=\"async\" width=\"1024\" height=\"1024\" src=\"https:\/\/i0.wp.com\/dalchini.de\/wp-content\/uploads\/2026\/03\/our-philosphy.jpeg?fit=1024%2C1024&amp;ssl=1\" class=\"attachment-full size-full wp-image-3562\" alt=\"\" srcset=\"https:\/\/i0.wp.com\/dalchini.de\/wp-content\/uploads\/2026\/03\/our-philosphy.jpeg?w=1024&amp;ssl=1 1024w, https:\/\/i0.wp.com\/dalchini.de\/wp-content\/uploads\/2026\/03\/our-philosphy.jpeg?resize=300%2C300&amp;ssl=1 300w, https:\/\/i0.wp.com\/dalchini.de\/wp-content\/uploads\/2026\/03\/our-philosphy.jpeg?resize=150%2C150&amp;ssl=1 150w, https:\/\/i0.wp.com\/dalchini.de\/wp-content\/uploads\/2026\/03\/our-philosphy.jpeg?resize=768%2C768&amp;ssl=1 768w, https:\/\/i0.wp.com\/dalchini.de\/wp-content\/uploads\/2026\/03\/our-philosphy.jpeg?resize=12%2C12&amp;ssl=1 12w, https:\/\/i0.wp.com\/dalchini.de\/wp-content\/uploads\/2026\/03\/our-philosphy.jpeg?resize=600%2C600&amp;ssl=1 600w, https:\/\/i0.wp.com\/dalchini.de\/wp-content\/uploads\/2026\/03\/our-philosphy.jpeg?resize=100%2C100&amp;ssl=1 100w\" sizes=\"(max-width: 1024px) 100vw, 1024px\" \/>\t\t\t\t\t\t\t\t\t\t\t\t\t\t\t<\/div>\n\t\t\t\t<\/div>\n\t\t\t\t<div class=\"elementor-element elementor-element-bd3fbab elementor-widget elementor-widget-heading\" data-id=\"bd3fbab\" data-element_type=\"widget\" data-e-type=\"widget\" data-widget_type=\"heading.default\">\n\t\t\t\t<div class=\"elementor-widget-container\">\n\t\t\t\t\t<h2 class=\"elementor-heading-title elementor-size-default\">Unsere Philosophie\n<\/h2>\t\t\t\t<\/div>\n\t\t\t\t<\/div>\n\t\t\t\t<div class=\"elementor-element elementor-element-f1f766f elementor-widget elementor-widget-text-editor\" data-id=\"f1f766f\" data-element_type=\"widget\" data-e-type=\"widget\" data-widget_type=\"text-editor.default\">\n\t\t\t\t<div class=\"elementor-widget-container\">\n\t\t\t\t\t\t\t\t\t<p>Bei Dalchini, beginnt Authentizit\u00e4t an der Quelle.<\/p><p>Von Gew\u00fcrzen, die auf unseren eigenen Farmen in Indien angebaut werden, bis hin zu Gerichten, die jeden Tag frisch zubereitet werden, ehren wir Geduld, Handwerkskunst und Tradition.<\/p><p>Unser vielf\u00e4ltiges Men\u00fc spiegelt Indiens umfangreiche regionale K\u00fcche wider \u2013 kr\u00e4ftige, ehrliche Aromen, serviert mit Respekt und Leidenschaft.<\/p>\t\t\t\t\t\t\t\t<\/div>\n\t\t\t\t<\/div>\n\t\t\t\t<\/div>\n\t\t\t\t\t<\/div>\n\t\t\t\t<\/div>\n\t\t\t\t<\/div>","protected":false},"excerpt":{"rendered":"<p>Indian tradition in the heart of N\u00fcrnberg\u200b Discover the rich, vibrant tastes of India right here at Dalchini. From sizzling tandoori to aromatic biryanis, our chefs bring the essence of Indian cuisine to your plate, using fresh ingredients and traditional spices. Whether you crave spicy curries or comforting naan, every dish is crafted to deliver [&hellip;]<\/p>\n","protected":false},"author":1,"featured_media":0,"parent":0,"menu_order":2,"comment_status":"closed","ping_status":"closed","template":"","meta":{"site-sidebar-layout":"no-sidebar","site-content-layout":"page-builder","ast-site-content-layout":"default","site-content-style":"default","site-sidebar-style":"default","ast-global-header-display":"","ast-banner-title-visibility":"","ast-main-header-display":"","ast-hfb-above-header-display":"","ast-hfb-below-header-display":"","ast-hfb-mobile-header-display":"","site-post-title":"disabled","ast-breadcrumbs-content":"","ast-featured-img":"disabled","footer-sml-layout":"","ast-disable-related-posts":"","theme-transparent-header-meta":"","adv-header-id-meta":"","stick-header-meta":"","header-above-stick-meta":"","header-main-stick-meta":"","header-below-stick-meta":"","astra-migrate-meta-layouts":"default","ast-page-background-enabled":"default","ast-page-background-meta":{"desktop":{"background-color":"","background-image":"","background-repeat":"repeat","background-position":"center center","background-size":"auto","background-attachment":"scroll","background-type":"","background-media":"","overlay-type":"","overlay-color":"","overlay-opacity":"","overlay-gradient":""},"tablet":{"background-color":"","background-image":"","background-repeat":"repeat","background-position":"center center","background-size":"auto","background-attachment":"scroll","background-type":"","background-media":"","overlay-type":"","overlay-color":"","overlay-opacity":"","overlay-gradient":""},"mobile":{"background-color":"","background-image":"","background-repeat":"repeat","background-position":"center center","background-size":"auto","background-attachment":"scroll","background-type":"","background-media":"","overlay-type":"","overlay-color":"","overlay-opacity":"","overlay-gradient":""}},"ast-content-background-meta":{"desktop":{"background-color":"var(--ast-global-color-5)","background-image":"","background-repeat":"repeat","background-position":"center center","background-size":"auto","background-attachment":"scroll","background-type":"","background-media":"","overlay-type":"","overlay-color":"","overlay-opacity":"","overlay-gradient":""},"tablet":{"background-color":"var(--ast-global-color-5)","background-image":"","background-repeat":"repeat","background-position":"center center","background-size":"auto","background-attachment":"scroll","background-type":"","background-media":"","overlay-type":"","overlay-color":"","overlay-opacity":"","overlay-gradient":""},"mobile":{"background-color":"var(--ast-global-color-5)","background-image":"","background-repeat":"repeat","background-position":"center center","background-size":"auto","background-attachment":"scroll","background-type":"","background-media":"","overlay-type":"","overlay-color":"","overlay-opacity":"","overlay-gradient":""}},"footnotes":""},"class_list":["post-569","page","type-page","status-publish","hentry"],"jetpack_sharing_enabled":true,"_links":{"self":[{"href":"https:\/\/dalchini.de\/de\/wp-json\/wp\/v2\/pages\/569","targetHints":{"allow":["GET"]}}],"collection":[{"href":"https:\/\/dalchini.de\/de\/wp-json\/wp\/v2\/pages"}],"about":[{"href":"https:\/\/dalchini.de\/de\/wp-json\/wp\/v2\/types\/page"}],"author":[{"embeddable":true,"href":"https:\/\/dalchini.de\/de\/wp-json\/wp\/v2\/users\/1"}],"replies":[{"embeddable":true,"href":"https:\/\/dalchini.de\/de\/wp-json\/wp\/v2\/comments?post=569"}],"version-history":[{"count":81,"href":"https:\/\/dalchini.de\/de\/wp-json\/wp\/v2\/pages\/569\/revisions"}],"predecessor-version":[{"id":3576,"href":"https:\/\/dalchini.de\/de\/wp-json\/wp\/v2\/pages\/569\/revisions\/3576"}],"wp:attachment":[{"href":"https:\/\/dalchini.de\/de\/wp-json\/wp\/v2\/media?parent=569"}],"curies":[{"name":"wp","href":"https:\/\/api.w.org\/{rel}","templated":true}]}}