{"id":3,"date":"2026-01-11T17:20:15","date_gmt":"2026-01-11T17:20:15","guid":{"rendered":"https:\/\/dalchini.de\/?page_id=3"},"modified":"2026-03-23T07:47:55","modified_gmt":"2026-03-23T07:47:55","slug":"privacy-policy","status":"publish","type":"page","link":"https:\/\/dalchini.de\/de\/privacy-policy\/","title":{"rendered":"Datenschutzerkl\u00e4rung"},"content":{"rendered":"<div data-elementor-type=\"wp-page\" data-elementor-id=\"3\" class=\"elementor elementor-3\">\n\t\t\t\t<div class=\"elementor-element elementor-element-7f2523a e-con-full e-flex e-con e-parent\" data-id=\"7f2523a\" data-element_type=\"container\" data-e-type=\"container\" data-settings=\"{&quot;background_background&quot;:&quot;classic&quot;}\">\n\t\t\t\t<div class=\"elementor-element elementor-element-8d06ca3 elementor-widget elementor-widget-heading\" data-id=\"8d06ca3\" data-element_type=\"widget\" data-e-type=\"widget\" data-widget_type=\"heading.default\">\n\t\t\t\t<div class=\"elementor-widget-container\">\n\t\t\t\t\t<h2 class=\"elementor-heading-title elementor-size-default\">Datenschutzerkl\u00e4rung<\/h2>\t\t\t\t<\/div>\n\t\t\t\t<\/div>\n\t\t\t\t<\/div>\n\t\t<div class=\"elementor-element elementor-element-561eeec5 e-flex e-con-boxed e-con e-parent\" data-id=\"561eeec5\" data-element_type=\"container\" data-e-type=\"container\">\n\t\t\t\t\t<div class=\"e-con-inner\">\n\t\t\t\t<div class=\"elementor-element elementor-element-d82e59b elementor-widget elementor-widget-text-editor\" data-id=\"d82e59b\" data-element_type=\"widget\" data-e-type=\"widget\" data-widget_type=\"text-editor.default\">\n\t\t\t\t<div class=\"elementor-widget-container\">\n\t\t\t\t\t\t\t\t\t\n<div class=\"elementor-element elementor-element-214f02fe elementor-widget elementor-widget-text-editor\" data-id=\"214f02fe\" data-element_type=\"widget\" data-widget_type=\"text-editor.default\">\n<div class=\"elementor-widget-container\">\n<p>Diese Seite enth\u00e4lt Informationen \u00fcber die Richtlinien, die wir in Bezug auf die Erhebung, Nutzung und Offenlegung Ihrer personenbezogenen Daten befolgen, die Sie uns beim Kauf unserer Produkte zur Verf\u00fcgung stellen.<\/p>\n<\/div>\n<\/div>\n<div class=\"elementor-element elementor-element-61de62ab elementor-widget elementor-widget-text-editor\" data-id=\"61de62ab\" data-element_type=\"widget\" data-widget_type=\"text-editor.default\">\n<div class=\"elementor-widget-container\">\n<p>Wir nehmen unsere Verantwortung im Umgang mit Ihren personenbezogenen Daten sehr ernst und stellen sicher, dass alle von Ihnen bereitgestellten Informationen sicher aufbewahrt und ausschlie\u00dflich f\u00fcr die vorgesehenen Zwecke verwendet werden.<\/p>\n<\/div>\n<\/div>\n<div class=\"elementor-element elementor-element-32a5c2ad elementor-widget elementor-widget-text-editor\" data-id=\"32a5c2ad\" data-element_type=\"widget\" data-widget_type=\"text-editor.default\">\n<div class=\"elementor-widget-container\">\n<p>Bitte lesen Sie diese Datenschutzerkl\u00e4rung sorgf\u00e4ltig durch, um unsere Vorgehensweisen im Umgang mit Ihren personenbezogenen Daten und deren Verarbeitung zu verstehen.<\/p>\n<\/div>\n<\/div>\n<div class=\"elementor-element elementor-element-42d4cd61 elementor-widget elementor-widget-heading\" data-id=\"42d4cd61\" data-element_type=\"widget\" data-widget_type=\"heading.default\">\n<div class=\"elementor-widget-container\">\n<h4 class=\"elementor-heading-title elementor-size-default wp-block-heading\">Erhebung und Nutzung von Daten<\/h4>\n<\/div>\n<\/div>\n<div class=\"elementor-element elementor-element-6f6a815d elementor-widget elementor-widget-text-editor\" data-id=\"6f6a815d\" data-element_type=\"widget\" data-widget_type=\"text-editor.default\">\n<div class=\"elementor-widget-container\">\n<p>Bei der Nutzung unserer Produkte k\u00f6nnen wir Sie bitten, uns bestimmte personenbezogene Daten zur Verf\u00fcgung zu stellen, die dazu verwendet werden k\u00f6nnen, Sie zu kontaktieren oder zu identifizieren (\u201epersonenbezogene Daten\u201c). Personenbezogene Daten k\u00f6nnen unter anderem Folgendes umfassen, sind jedoch nicht darauf beschr\u00e4nkt:<\/p>\n<\/div>\n<\/div>\n<div class=\"elementor-element elementor-element-5b219226 elementor-widget elementor-widget-text-editor\" data-id=\"5b219226\" data-element_type=\"widget\" data-widget_type=\"text-editor.default\">\n<div class=\"elementor-widget-container\">\n<ul>\n<li>E-Mail-Adresse<\/li>\n<li>Vor- und Nachname<\/li>\n<li>Wohn- \/ Rechnungsadresse<\/li>\n<li>Telefon-\/Mobilnummer<\/li>\n<li>Ort \/ Stadt<\/li>\n<li>Staatsangeh\u00f6rigkeit<\/li>\n<li>Geburtsdatum<\/li>\n<li>Name des Ehepartners \/ Partners<\/li>\n<li>Namen der Kinder und Geburtsdaten<\/li>\n<li>Interessensbereich zur Unterst\u00fctzung der Gemeinschaft<\/li>\n<li>Cookies und Nutzungsdaten<\/li>\n<li>Links oder Profilnamen von YouTube, Instagram, Facebook und anderen sozialen Medien, falls erforderlich<\/li>\n<\/ul>\n<\/div>\n<\/div>\n<div class=\"elementor-element elementor-element-24cb722a elementor-widget elementor-widget-heading\" data-id=\"24cb722a\" data-element_type=\"widget\" data-widget_type=\"heading.default\">\n<div class=\"elementor-widget-container\">\n<h4 class=\"elementor-heading-title elementor-size-default\">Tracking- und Cookie-Daten<\/h4>\n<\/div>\n<\/div>\n<div class=\"elementor-element elementor-element-7bb45b53 elementor-widget elementor-widget-text-editor\" data-id=\"7bb45b53\" data-element_type=\"widget\" data-widget_type=\"text-editor.default\">\n<div class=\"elementor-widget-container\">\n<ol class=\"list-style-auto\">\n<li>Wir verwenden Cookies und \u00e4hnliche Tracking-Technologien, um die Aktivit\u00e4ten auf unserer Website zu verfolgen und bestimmte Informationen zu speichern.<\/li>\n<li>Cookies sind Dateien mit einer kleinen Datenmenge, die unter anderem eine anonyme eindeutige Kennung enthalten k\u00f6nnen. Cookies werden von einer Website an Ihren Browser gesendet und auf Ihrem Ger\u00e4t gespeichert. Tracking-Technologien verwenden au\u00dferdem Beacons, Tags und Skripte, um die Leistung unserer Website zu erfassen, zu verbessern und zu analysieren.<\/li>\n<li>Sie k\u00f6nnen Ihren Browser so einstellen, dass er alle Cookies ablehnt oder Sie informiert, wenn ein Cookie gesendet wird. Wenn Sie jedoch keine Cookies akzeptieren, k\u00f6nnen einige Teile unseres Dienstes m\u00f6glicherweise nicht genutzt werden.<\/li>\n<li>Session-Cookies. Wir verwenden Session-Cookies, um unseren Service bereitzustellen.<\/li>\n<li>Pr\u00e4ferenz-Cookies. Wir verwenden Pr\u00e4ferenz-Cookies, um Ihre Einstellungen und verschiedenen Pr\u00e4ferenzen zu speichern.<\/li>\n<li>Sicherheits-Cookies. Wir verwenden Sicherheits-Cookies zu Sicherheitszwecken.<\/li>\n<\/ol>\n<\/div>\n<\/div>\n<div class=\"elementor-element elementor-element-49416bd6 elementor-widget elementor-widget-heading\" data-id=\"49416bd6\" data-element_type=\"widget\" data-widget_type=\"heading.default\">\n<div class=\"elementor-widget-container\">\n<h4 class=\"elementor-heading-title elementor-size-default\">Verwendung von Daten<\/h4>\n<\/div>\n<\/div>\n<div class=\"elementor-element elementor-element-6ce3b6f4 elementor-widget elementor-widget-text-editor\" data-id=\"6ce3b6f4\" data-element_type=\"widget\" data-widget_type=\"text-editor.default\">\n<div class=\"elementor-widget-container\">\n<p>Spicify verwendet die erhobenen Daten f\u00fcr verschiedene Zwecke:<\/p>\n<\/div>\n<\/div>\n<div class=\"elementor-element elementor-element-498a2ba2 elementor-widget elementor-widget-text-editor\" data-id=\"498a2ba2\" data-element_type=\"widget\" data-widget_type=\"text-editor.default\">\n<div class=\"elementor-widget-container\">\n<ol class=\"list-style-auto\">\n<li>Um unseren Abonnenten aktuelle Informationen zum Restaurant bereitzustellen.<\/li>\n<li>Um Kundenservice und Unterst\u00fctzung bereitzustellen.<\/li>\n<li>Um Ihnen die einfache Bestellung von Speisen bei uns zu erm\u00f6glichen.<\/li>\n<li>Um technische Probleme zu erkennen, zu verhindern und zu beheben.<\/li>\n<\/ol>\n<\/div>\n<\/div>\n<div class=\"elementor-element elementor-element-788cb8f6 elementor-widget elementor-widget-heading\" data-id=\"788cb8f6\" data-element_type=\"widget\" data-widget_type=\"heading.default\">\n<div class=\"elementor-widget-container\">\n<h4 class=\"elementor-heading-title elementor-size-default\">Offenlegung von Daten<\/h4>\n<\/div>\n<\/div>\n<div class=\"elementor-element elementor-element-317e7e6c elementor-widget elementor-widget-text-editor\" data-id=\"317e7e6c\" data-element_type=\"widget\" data-widget_type=\"text-editor.default\">\n<div class=\"elementor-widget-container\">\n<ol class=\"list-style-auto\">\n<li>Gesetzliche Anforderungen.<\/li>\n<li>Spicify kann Ihre personenbezogenen Daten in gutem Glauben offenlegen, wenn dies erforderlich ist, um:<\/li>\n<li>Einer gesetzlichen Verpflichtung nachzukommen.<\/li>\n<li>Die Rechte oder das Eigentum von Spicify zu sch\u00fctzen und zu verteidigen.<\/li>\n<li>M\u00f6gliche rechtswidrige Handlungen im Zusammenhang mit dem Service zu verhindern oder zu untersuchen.<\/li>\n<li>Die pers\u00f6nliche Sicherheit der Nutzer des Services oder der \u00d6ffentlichkeit zu sch\u00fctzen.<\/li>\n<li>Sich vor rechtlicher Haftung zu sch\u00fctzen.<\/li>\n<\/ol>\n<\/div>\n<\/div>\n<div class=\"elementor-element elementor-element-6b41d77 elementor-widget elementor-widget-heading\" data-id=\"6b41d77\" data-element_type=\"widget\" data-widget_type=\"heading.default\">\n<div class=\"elementor-widget-container\">\n<h4 class=\"elementor-heading-title elementor-size-default\">Datensicherheit<\/h4>\n<\/div>\n<\/div>\n<div class=\"elementor-element elementor-element-408cc930 elementor-widget elementor-widget-text-editor\" data-id=\"408cc930\" data-element_type=\"widget\" data-widget_type=\"text-editor.default\">\n<div class=\"elementor-widget-container\">\n<p>Die Sicherheit der Kundendaten ist uns wichtig. Bitte beachten Sie jedoch, dass keine Methode der \u00dcbertragung \u00fcber das Internet oder der elektronischen Speicherung zu 100 % sicher ist. Obwohl wir uns bem\u00fchen, wirtschaftlich angemessene Ma\u00dfnahmen zum Schutz Ihrer personenbezogenen Daten einzusetzen, k\u00f6nnen wir keine absolute Sicherheit garantieren.<\/p>\n<\/div>\n<\/div>\n<div class=\"elementor-element elementor-element-26d1c0e2 elementor-widget elementor-widget-heading\" data-id=\"26d1c0e2\" data-element_type=\"widget\" data-widget_type=\"heading.default\">\n<div class=\"elementor-widget-container\">\n<h4 class=\"elementor-heading-title elementor-size-default\">Dienstleister<\/h4>\n<\/div>\n<\/div>\n<div class=\"elementor-element elementor-element-261ced39 elementor-widget elementor-widget-text-editor\" data-id=\"261ced39\" data-element_type=\"widget\" data-widget_type=\"text-editor.default\">\n<div class=\"elementor-widget-container\">\n<ol class=\"list-style-auto\">\n<li>Wir k\u00f6nnen Drittunternehmen und Einzelpersonen beauftragen, um unsere Dienstleistungen zu verbessern.<\/li>\n<li>Diese Dritten haben ausschlie\u00dflich Zugriff auf Ihre personenbezogenen Daten, um diese Aufgaben in unserem Auftrag zu erf\u00fcllen, und sind verpflichtet, sie weder offenzulegen noch f\u00fcr andere Zwecke zu verwenden.<\/li>\n<\/ol>\n<\/div>\n<\/div>\n<div class=\"elementor-element elementor-element-542bcdea elementor-widget elementor-widget-heading\" data-id=\"542bcdea\" data-element_type=\"widget\" data-widget_type=\"heading.default\">\n<div class=\"elementor-widget-container\">\n<h4 class=\"elementor-heading-title elementor-size-default\">Links zu anderen Websites<\/h4>\n<\/div>\n<\/div>\n<div class=\"elementor-element elementor-element-54670bd2 elementor-widget elementor-widget-text-editor\" data-id=\"54670bd2\" data-element_type=\"widget\" data-widget_type=\"text-editor.default\">\n<div class=\"elementor-widget-container\">\n<ol class=\"list-style-auto\">\n<li>Unser Service kann Links zu anderen Websites enthalten, die nicht von uns betrieben werden. Wenn Sie auf einen Link eines Drittanbieters klicken, werden Sie auf die Website dieses Drittanbieters weitergeleitet. Wir empfehlen Ihnen dringend, die Datenschutzerkl\u00e4rung jeder Website zu lesen, die Sie besuchen.<\/li>\n<li>Wir haben keinen Einfluss auf die Inhalte, Datenschutzerkl\u00e4rungen oder Praktiken von Websites oder Diensten Dritter und \u00fcbernehmen hierf\u00fcr keine Verantwortung.<\/li>\n<\/ol>\n<\/div>\n<\/div>\n<div class=\"elementor-element elementor-element-1075836c elementor-widget elementor-widget-heading\" data-id=\"1075836c\" data-element_type=\"widget\" data-widget_type=\"heading.default\">\n<div class=\"elementor-widget-container\">\n<h4 class=\"elementor-heading-title elementor-size-default\">Datenschutz von Kindern<\/h4>\n<\/div>\n<\/div>\n<div class=\"elementor-element elementor-element-7fa168f2 elementor-widget elementor-widget-text-editor\" data-id=\"7fa168f2\" data-element_type=\"widget\" data-widget_type=\"text-editor.default\">\n<div class=\"elementor-widget-container\">\n<ol class=\"list-style-auto\">\n<li>Unser Service richtet sich nicht an Personen unter 18 Jahren (\u201eKinder\u201c).<\/li>\n<li>Wir erfassen wissentlich keine personenbezogenen Daten von Personen unter 18 Jahren. Wenn Sie Elternteil oder Erziehungsberechtigter sind und Ihnen bekannt ist, dass Ihre Kinder uns personenbezogene Daten \u00fcbermittelt haben, kontaktieren Sie uns bitte. Sollten wir feststellen, dass wir personenbezogene Daten von Kindern ohne \u00fcberpr\u00fcfte Zustimmung der Eltern erhoben haben, ergreifen wir Ma\u00dfnahmen, um diese Informationen von unseren Servern zu entfernen.<\/li>\n<\/ol>\n<\/div>\n<\/div>\n<div class=\"elementor-element elementor-element-2b943a7e elementor-widget elementor-widget-heading\" data-id=\"2b943a7e\" data-element_type=\"widget\" data-widget_type=\"heading.default\">\n<div class=\"elementor-widget-container\">\n<h4 class=\"elementor-heading-title elementor-size-default\">\u00c4nderungen dieser Datenschutzerkl\u00e4rung<\/h4>\n<\/div>\n<\/div>\n<div class=\"elementor-element elementor-element-34aae7ac elementor-widget elementor-widget-text-editor\" data-id=\"34aae7ac\" data-element_type=\"widget\" data-widget_type=\"text-editor.default\">\n<div class=\"elementor-widget-container\">\n<ol class=\"list-style-auto\">\n<li>Wir k\u00f6nnen diese Datenschutzerkl\u00e4rung von Zeit zu Zeit aktualisieren. \u00dcber \u00c4nderungen informieren wir Sie, indem wir die neuen Informationen auf dieser Seite ver\u00f6ffentlichen.<\/li>\n<li>Wir informieren Sie vor Inkrafttreten der \u00c4nderungen per E-Mail und\/oder durch einen deutlich sichtbaren Hinweis in unserem Service und aktualisieren das \u201eG\u00fcltigkeitsdatum\u201c oben in dieser Datenschutzerkl\u00e4rung.<\/li>\n<li>Es wird empfohlen, diese Datenschutzerkl\u00e4rung regelm\u00e4\u00dfig auf \u00c4nderungen zu \u00fcberpr\u00fcfen. \u00c4nderungen an dieser Datenschutzerkl\u00e4rung treten in Kraft, sobald sie auf dieser Seite ver\u00f6ffentlicht werden.<\/li>\n<\/ol>\n<\/div>\n<\/div>\n<div class=\"elementor-element elementor-element-51e01e85 elementor-widget elementor-widget-text-editor\" data-id=\"51e01e85\" data-element_type=\"widget\" data-widget_type=\"text-editor.default\">\n<div class=\"elementor-widget-container\">\n<p>Kontaktieren Sie uns bei Fragen zur Datenschutzerkl\u00e4rung.<\/p>\n<\/div>\n<\/div>\t\t\t\t\t\t\t\t<\/div>\n\t\t\t\t<\/div>\n\t\t\t\t\t<\/div>\n\t\t\t\t<\/div>\n\t\t\t\t<\/div>","protected":false},"excerpt":{"rendered":"<p>Privacy Policy This page contains information about the policies that we follow regarding the collection, use and disclosure of your personal data that you share with us while purchasing our products. We take our responsibility of handling your personal information seriously and aim to ensure that any information you provide to us is kept secure [&hellip;]<\/p>\n","protected":false},"author":1,"featured_media":0,"parent":0,"menu_order":0,"comment_status":"closed","ping_status":"open","template":"elementor_header_footer","meta":{"site-sidebar-layout":"no-sidebar","site-content-layout":"","ast-site-content-layout":"full-width-container","site-content-style":"default","site-sidebar-style":"default","ast-global-header-display":"","ast-banner-title-visibility":"","ast-main-header-display":"","ast-hfb-above-header-display":"","ast-hfb-below-header-display":"","ast-hfb-mobile-header-display":"","site-post-title":"disabled","ast-breadcrumbs-content":"","ast-featured-img":"disabled","footer-sml-layout":"","ast-disable-related-posts":"","theme-transparent-header-meta":"default","adv-header-id-meta":"","stick-header-meta":"","header-above-stick-meta":"","header-main-stick-meta":"","header-below-stick-meta":"","astra-migrate-meta-layouts":"set","ast-page-background-enabled":"default","ast-page-background-meta":{"desktop":{"background-color":"","background-image":"","background-repeat":"repeat","background-position":"center center","background-size":"auto","background-attachment":"scroll","background-type":"","background-media":"","overlay-type":"","overlay-color":"","overlay-opacity":"","overlay-gradient":""},"tablet":{"background-color":"","background-image":"","background-repeat":"repeat","background-position":"center center","background-size":"auto","background-attachment":"scroll","background-type":"","background-media":"","overlay-type":"","overlay-color":"","overlay-opacity":"","overlay-gradient":""},"mobile":{"background-color":"","background-image":"","background-repeat":"repeat","background-position":"center center","background-size":"auto","background-attachment":"scroll","background-type":"","background-media":"","overlay-type":"","overlay-color":"","overlay-opacity":"","overlay-gradient":""}},"ast-content-background-meta":{"desktop":{"background-color":"var(--ast-global-color-5)","background-image":"","background-repeat":"repeat","background-position":"center center","background-size":"auto","background-attachment":"scroll","background-type":"","background-media":"","overlay-type":"","overlay-color":"","overlay-opacity":"","overlay-gradient":""},"tablet":{"background-color":"var(--ast-global-color-5)","background-image":"","background-repeat":"repeat","background-position":"center center","background-size":"auto","background-attachment":"scroll","background-type":"","background-media":"","overlay-type":"","overlay-color":"","overlay-opacity":"","overlay-gradient":""},"mobile":{"background-color":"var(--ast-global-color-5)","background-image":"","background-repeat":"repeat","background-position":"center center","background-size":"auto","background-attachment":"scroll","background-type":"","background-media":"","overlay-type":"","overlay-color":"","overlay-opacity":"","overlay-gradient":""}},"footnotes":""},"class_list":["post-3","page","type-page","status-publish","hentry"],"jetpack_sharing_enabled":true,"_links":{"self":[{"href":"https:\/\/dalchini.de\/de\/wp-json\/wp\/v2\/pages\/3","targetHints":{"allow":["GET"]}}],"collection":[{"href":"https:\/\/dalchini.de\/de\/wp-json\/wp\/v2\/pages"}],"about":[{"href":"https:\/\/dalchini.de\/de\/wp-json\/wp\/v2\/types\/page"}],"author":[{"embeddable":true,"href":"https:\/\/dalchini.de\/de\/wp-json\/wp\/v2\/users\/1"}],"replies":[{"embeddable":true,"href":"https:\/\/dalchini.de\/de\/wp-json\/wp\/v2\/comments?post=3"}],"version-history":[{"count":21,"href":"https:\/\/dalchini.de\/de\/wp-json\/wp\/v2\/pages\/3\/revisions"}],"predecessor-version":[{"id":3782,"href":"https:\/\/dalchini.de\/de\/wp-json\/wp\/v2\/pages\/3\/revisions\/3782"}],"wp:attachment":[{"href":"https:\/\/dalchini.de\/de\/wp-json\/wp\/v2\/media?parent=3"}],"curies":[{"name":"wp","href":"https:\/\/api.w.org\/{rel}","templated":true}]}}