{"id":2269,"date":"2026-01-23T14:04:13","date_gmt":"2026-01-23T14:04:13","guid":{"rendered":"https:\/\/dalchini.de\/?page_id=2269"},"modified":"2026-03-23T07:52:01","modified_gmt":"2026-03-23T07:52:01","slug":"impressum","status":"publish","type":"page","link":"https:\/\/dalchini.de\/de\/impressum\/","title":{"rendered":"Impressum"},"content":{"rendered":"<div data-elementor-type=\"wp-page\" data-elementor-id=\"2269\" class=\"elementor elementor-2269\">\n\t\t\t\t<div class=\"elementor-element elementor-element-0011156 e-flex e-con-boxed e-con e-parent\" data-id=\"0011156\" data-element_type=\"container\" data-e-type=\"container\" data-settings=\"{&quot;background_background&quot;:&quot;classic&quot;}\">\n\t\t\t\t\t<div class=\"e-con-inner\">\n\t\t\t\t<div class=\"elementor-element elementor-element-ec56655 elementor-widget elementor-widget-heading\" data-id=\"ec56655\" data-element_type=\"widget\" data-e-type=\"widget\" data-widget_type=\"heading.default\">\n\t\t\t\t<div class=\"elementor-widget-container\">\n\t\t\t\t\t<h2 class=\"elementor-heading-title elementor-size-default\">IMPRESSUM<\/h2>\t\t\t\t<\/div>\n\t\t\t\t<\/div>\n\t\t\t\t\t<\/div>\n\t\t\t\t<\/div>\n\t\t<div class=\"elementor-element elementor-element-e5309d7 e-flex e-con-boxed e-con e-parent\" data-id=\"e5309d7\" data-element_type=\"container\" data-e-type=\"container\">\n\t\t\t\t\t<div class=\"e-con-inner\">\n\t\t\t\t<div class=\"elementor-element elementor-element-bfd7b62 elementor-widget elementor-widget-text-editor\" data-id=\"bfd7b62\" data-element_type=\"widget\" data-e-type=\"widget\" data-widget_type=\"text-editor.default\">\n\t\t\t\t<div class=\"elementor-widget-container\">\n\t\t\t\t\t\t\t\t\t<div data-id=\"4d9bda30\" data-element_type=\"widget\" data-widget_type=\"heading.default\"><div><h4>Dalchini Restaurant<\/h4><\/div><\/div><div data-id=\"6a8c37e8\" data-element_type=\"widget\" data-widget_type=\"icon-list.default\"><div><ul><li>Restaurant Name : Dalchini- The Indian Cuisine<\/li><li>Owner Name : <span style=\"font-style: inherit;\">Sapana Amol Ahirrao<\/span><\/li><li>Address : Heerwagenstrasse 33, 90489, N\u00fcrnberg<\/li><li>Mail ID : dalchini.ngb@gmail.com<\/li><li>Restaurant Number : +491521154593<\/li><li>Opening hours : Monday is off, Tuesday to Sunday : 11:30 to 14:40 &amp; 17:00 to 22:30<\/li><li>\u00a0Pictures : Image licenses by @dalchini<\/li><\/ul><\/div><\/div><div data-id=\"2c47944d\" data-element_type=\"widget\" data-widget_type=\"heading.default\"><div><h4>Haftungsausschluss<\/h4><\/div><\/div><div data-id=\"2c9624b6\" data-element_type=\"widget\" data-widget_type=\"heading.default\"><div><h4>Haftung f\u00fcr Inhalte<\/h4><\/div><\/div><div data-id=\"6de4a4e\" data-element_type=\"widget\" data-widget_type=\"text-editor.default\"><div><p>Als Diensteanbieter sind wir gem\u00e4\u00df \u00a7 7 Absatz 1 des deutschen Telemediengesetzes (TMG) f\u00fcr eigene Inhalte auf diesen Seiten nach den allgemeinen Gesetzen verantwortlich. Nach den \u00a7\u00a7 8 bis 10 des Telemediengesetzes (TMG) sind wir als Diensteanbieter jedoch nicht verpflichtet, \u00fcbermittelte oder gespeicherte fremde Informationen zu \u00fcberwachen oder nach Umst\u00e4nden zu forschen, die auf eine rechtswidrige T\u00e4tigkeit hinweisen.<\/p><p>Verpflichtungen zur Entfernung oder Sperrung der Nutzung von Informationen nach den allgemeinen Gesetzen bleiben hiervon unber\u00fchrt. Eine Haftung tritt jedoch erst ab dem Zeitpunkt ein, zu dem wir Kenntnis von einer konkreten Rechtsverletzung erlangen. Sobald uns entsprechende Rechtsverletzungen bekannt werden, werden wir die betreffenden Inhalte umgehend entfernen.<\/p><\/div><\/div><div data-id=\"15c1cd5b\" data-element_type=\"widget\" data-widget_type=\"heading.default\"><div><h4>Haftung f\u00fcr Links<\/h4><\/div><\/div><div data-id=\"10cd948\" data-element_type=\"widget\" data-widget_type=\"text-editor.default\"><div><p>Unser Angebot enth\u00e4lt Links zu externen Websites Dritter, auf deren Inhalte wir keinen Einfluss haben. Daher k\u00f6nnen wir f\u00fcr diese fremden Inhalte keine Gew\u00e4hr \u00fcbernehmen. F\u00fcr die Inhalte der verlinkten Seiten ist stets der jeweilige Anbieter oder Betreiber der Seiten verantwortlich. Die verlinkten Seiten wurden zum Zeitpunkt der Verlinkung auf m\u00f6gliche Rechtsverst\u00f6\u00dfe \u00fcberpr\u00fcft. Rechtswidrige Inhalte waren zum Zeitpunkt der Verlinkung nicht erkennbar. Eine permanente inhaltliche Kontrolle der verlinkten Seiten ist jedoch ohne konkrete Anhaltspunkte einer Rechtsverletzung nicht zumutbar.<\/p><p>Sobald wir Kenntnis von Rechtsverletzungen in den von uns angebotenen Links erlangen, werden wir derartige Links umgehend entfernen.<\/p><\/div><\/div><div data-id=\"766b0186\" data-element_type=\"widget\" data-widget_type=\"heading.default\"><div><h4>Urheberrecht<\/h4><\/div><\/div><div data-id=\"36d0ee77\" data-element_type=\"widget\" data-widget_type=\"text-editor.default\"><div><p>Die von den Betreibern dieser Website erstellten Inhalte und Werke unterliegen dem deutschen Urheberrecht. Jede Vervielf\u00e4ltigung, Bearbeitung, Verbreitung oder sonstige Verwertung au\u00dferhalb der Grenzen des Urheberrechts bedarf der schriftlichen Zustimmung des jeweiligen Autors. Downloads und Kopien dieser Seite sind nur f\u00fcr den privaten Gebrauch gestattet.\nSoweit die Inhalte auf dieser Website nicht vom Betreiber erstellt wurden, werden die Urheberrechte Dritter beachtet. Sollten Sie dennoch auf eine Urheberrechtsverletzung aufmerksam werden, bitten wir um einen entsprechenden Hinweis. Bei Bekanntwerden von Rechtsverletzungen werden wir derartige Inhalte umgehend entfernen.<\/p><\/div><\/div><div data-id=\"4f7d9a0b\" data-element_type=\"widget\" data-widget_type=\"heading.default\"><div><h4>Datenschutzerkl\u00e4rung<\/h4><\/div><\/div><div data-id=\"1f02fcfb\" data-element_type=\"widget\" data-widget_type=\"text-editor.default\"><div><p>Der Schutz Ihrer pers\u00f6nlichen Daten ist uns ein besonderes Anliegen. Wir behandeln Ihre personenbezogenen Daten vertraulich und entsprechend den gesetzlichen Datenschutzvorschriften sowie dieser Datenschutzerkl\u00e4rung. In der Regel ist die Nutzung unserer Website ohne Angabe personenbezogener Daten m\u00f6glich. Soweit auf unseren Seiten personenbezogene Daten wie Name, Anschrift usw. erhoben werden, erfolgt dies \u2013 soweit m\u00f6glich \u2013 stets auf freiwilliger Basis.<\/p><p>Diese Daten werden ohne Ihre ausdr\u00fcckliche Zustimmung niemals an Dritte weitergegeben. Bitte beachten Sie jedoch, dass die Daten\u00fcbertragung im Internet (z. B. bei der Kommunikation per E-Mail) Sicherheitsl\u00fccken aufweisen kann. Ein l\u00fcckenloser Schutz der Daten vor dem Zugriff durch Dritte ist daher nicht m\u00f6glich.<\/p><\/div><\/div><div data-id=\"18aabb50\" data-element_type=\"widget\" data-widget_type=\"heading.default\"><div><h4>Rechtliche G\u00fcltigkeit dieses Haftungsausschlusses<\/h4><\/div><\/div><div data-id=\"3d51930d\" data-element_type=\"widget\" data-widget_type=\"text-editor.default\"><div><p>Dieser Haftungsausschluss ist als Bestandteil des internetbasierten Angebots zu betrachten, von dem aus auf diese Webseite verwiesen wurde. Sofern einzelne Teile oder Formulierungen dieses Dokuments der geltenden Rechtslage nicht, nicht mehr oder nicht vollst\u00e4ndig entsprechen sollten, bleiben die \u00fcbrigen Teile des Textes in ihrem Inhalt und ihrer G\u00fcltigkeit unber\u00fchrt.\n\nMit Urteil vom 12. Mai 1998 (Az. 312 O 85\/98 \u2013 \u201eHaftung f\u00fcr Links\u201c) hat das Landgericht Hamburg entschieden, dass man durch die Anbringung eines Links die Inhalte der verlinkten Seite gegebenenfalls mit zu verantworten hat. Nach Auffassung des Landgerichts kann dies nur dadurch verhindert werden, dass man sich ausdr\u00fccklich von diesen Inhalten distanziert. Hiermit distanzieren wir uns ausdr\u00fccklich von allen Inhalten aller verlinkten Seiten auf dieser Website.<\/p><p class=\"translation-block\"><b>Plattform der EU-Kommission zur Online-Streitbeilegung:<\/b> <a href=\"https:\/\/ec.europa.eu\/consumers\/odr\" target=\"_blank\" rel=\"noopener\">[https:\/\/ec.europa.eu\/consumers\/odr](https:\/\/ec.europa.eu\/consumers\/odr)<\/a><\/p><p>Wir sind weder verpflichtet noch bereit, an einem Streitbeilegungsverfahren vor einer Verbraucherschlichtungsstelle teilzunehmen.<\/p><\/div><\/div>\t\t\t\t\t\t\t\t<\/div>\n\t\t\t\t<\/div>\n\t\t\t\t\t<\/div>\n\t\t\t\t<\/div>\n\t\t\t\t<\/div>","protected":false},"excerpt":{"rendered":"<p>IMPRESSUM Dalchini Restaurant Restaurant Name : Dalchini- The Indian Cuisine Owner Name : Sapana Amol Ahirrao Address : Heerwagenstrasse 33, 90489, N\u00fcrnberg Mail ID : dalchini.ngb@gmail.com Restaurant Number : +491521154593 Opening hours : Monday is off, Tuesday to Sunday : 11:30 to 14:40 &amp; 17:00 to 22:30 \u00a0Pictures : Image licenses by @dalchini Haftungsausschluss (Disclaimer) [&hellip;]<\/p>\n","protected":false},"author":1,"featured_media":0,"parent":0,"menu_order":0,"comment_status":"closed","ping_status":"closed","template":"","meta":{"site-sidebar-layout":"no-sidebar","site-content-layout":"page-builder","ast-site-content-layout":"full-width-container","site-content-style":"default","site-sidebar-style":"default","ast-global-header-display":"","ast-banner-title-visibility":"","ast-main-header-display":"","ast-hfb-above-header-display":"","ast-hfb-below-header-display":"","ast-hfb-mobile-header-display":"","site-post-title":"disabled","ast-breadcrumbs-content":"","ast-featured-img":"disabled","footer-sml-layout":"","ast-disable-related-posts":"","theme-transparent-header-meta":"","adv-header-id-meta":"","stick-header-meta":"","header-above-stick-meta":"","header-main-stick-meta":"","header-below-stick-meta":"","astra-migrate-meta-layouts":"set","ast-page-background-enabled":"default","ast-page-background-meta":{"desktop":{"background-color":"","background-image":"","background-repeat":"repeat","background-position":"center center","background-size":"auto","background-attachment":"scroll","background-type":"","background-media":"","overlay-type":"","overlay-color":"","overlay-opacity":"","overlay-gradient":""},"tablet":{"background-color":"","background-image":"","background-repeat":"repeat","background-position":"center center","background-size":"auto","background-attachment":"scroll","background-type":"","background-media":"","overlay-type":"","overlay-color":"","overlay-opacity":"","overlay-gradient":""},"mobile":{"background-color":"","background-image":"","background-repeat":"repeat","background-position":"center center","background-size":"auto","background-attachment":"scroll","background-type":"","background-media":"","overlay-type":"","overlay-color":"","overlay-opacity":"","overlay-gradient":""}},"ast-content-background-meta":{"desktop":{"background-color":"var(--ast-global-color-5)","background-image":"","background-repeat":"repeat","background-position":"center center","background-size":"auto","background-attachment":"scroll","background-type":"","background-media":"","overlay-type":"","overlay-color":"","overlay-opacity":"","overlay-gradient":""},"tablet":{"background-color":"var(--ast-global-color-5)","background-image":"","background-repeat":"repeat","background-position":"center center","background-size":"auto","background-attachment":"scroll","background-type":"","background-media":"","overlay-type":"","overlay-color":"","overlay-opacity":"","overlay-gradient":""},"mobile":{"background-color":"var(--ast-global-color-5)","background-image":"","background-repeat":"repeat","background-position":"center center","background-size":"auto","background-attachment":"scroll","background-type":"","background-media":"","overlay-type":"","overlay-color":"","overlay-opacity":"","overlay-gradient":""}},"footnotes":""},"class_list":["post-2269","page","type-page","status-publish","hentry"],"jetpack_sharing_enabled":true,"_links":{"self":[{"href":"https:\/\/dalchini.de\/de\/wp-json\/wp\/v2\/pages\/2269","targetHints":{"allow":["GET"]}}],"collection":[{"href":"https:\/\/dalchini.de\/de\/wp-json\/wp\/v2\/pages"}],"about":[{"href":"https:\/\/dalchini.de\/de\/wp-json\/wp\/v2\/types\/page"}],"author":[{"embeddable":true,"href":"https:\/\/dalchini.de\/de\/wp-json\/wp\/v2\/users\/1"}],"replies":[{"embeddable":true,"href":"https:\/\/dalchini.de\/de\/wp-json\/wp\/v2\/comments?post=2269"}],"version-history":[{"count":22,"href":"https:\/\/dalchini.de\/de\/wp-json\/wp\/v2\/pages\/2269\/revisions"}],"predecessor-version":[{"id":3785,"href":"https:\/\/dalchini.de\/de\/wp-json\/wp\/v2\/pages\/2269\/revisions\/3785"}],"wp:attachment":[{"href":"https:\/\/dalchini.de\/de\/wp-json\/wp\/v2\/media?parent=2269"}],"curies":[{"name":"wp","href":"https:\/\/api.w.org\/{rel}","templated":true}]}}